{"id":3,"date":"2025-05-31T09:51:41","date_gmt":"2025-05-31T12:51:41","guid":{"rendered":"http:\/\/vagasempregosc.com.br\/?page_id=3"},"modified":"2025-05-31T13:38:33","modified_gmt":"2025-05-31T16:38:33","slug":"politica-de-privacidade","status":"publish","type":"page","link":"https:\/\/www.vagasempregosc.com.br\/index.php\/politica-de-privacidade\/","title":{"rendered":"Pol\u00edtica de privacidade"},"content":{"rendered":"<p style=\"text-align: justify;\">O <strong>Vagas Emprego SC<\/strong>\u00a0respeita seu visitante e assume o compromisso de proteger sua privacidade na internet. Nosso compromisso \u00e9 o de resguardar as informa\u00e7\u00f5es pessoais que nos forem fornecidas e o de utilizar estas informa\u00e7\u00f5es somente para os fins a que forem destinadas.<\/p>\n<p style=\"text-align: justify;\">Esta declara\u00e7\u00e3o de privacidade descreve as pr\u00e1ticas de privacidade do site e explica as op\u00e7\u00f5es que s\u00e3o fornecidas sobre o modo pelo qual as informa\u00e7\u00f5es dos visitantes s\u00e3o coletadas e utilizadas.<\/p>\n<p style=\"text-align: justify;\"><strong>Logs do Servidor<\/strong><\/p>\n<p style=\"text-align: justify;\">Assim como a maioria dos sites, nossos servidores usam arquivos de log. Estes arquivos incluem endere\u00e7os IP, tipo de browser, informa\u00e7\u00f5es de provedor, p\u00e1gina de origem, p\u00e1gina de sa\u00edda, plataforma usada, data, hor\u00e1rio e n\u00famero de cliques. Estes dados n\u00e3o permitem a identifica\u00e7\u00e3o do usu\u00e1rio e s\u00e3o coletados para verificar o alcance demogr\u00e1fico do site e para permitir que nossas atualiza\u00e7\u00f5es agreguem sempre mais conte\u00fado que seja relevante aos usu\u00e1rios.<\/p>\n<p style=\"text-align: justify;\"><strong>Cookies e Web Beacons<\/strong><\/p>\n<p style=\"text-align: justify;\">Um cookie \u00e9 um pequeno arquivo de dados armazenado no computador do usu\u00e1rio que traz informa\u00e7\u00f5es do mesmo. Nosso site n\u00e3o usa cookies, entretanto alguns de nossos anunciantes usam e n\u00f3s n\u00e3o temos acesso e nem controle sobre esses cookies. Se o usu\u00e1rio desejar poder\u00e1 desabilitar o recebimento e o armazenamento de cookies em seu navegador alterando as configura\u00e7\u00f5es de seguran\u00e7a do mesmo, no menu de ferramentas. Maiores informa\u00e7\u00f5es a respeito podem ser obtidas no manual ou nos arquivos de ajuda do navegador.<\/p>\n<p style=\"text-align: justify;\"><strong>Links<\/strong><\/p>\n<p style=\"text-align: justify;\">Este blog cont\u00e9m links para outros sites. N\u00e3o somos respons\u00e1veis pelas pol\u00edticas de privacidade desses sites e encorajamos nossos usu\u00e1rios a buscar e ler essas informa\u00e7\u00f5es nos sites linkados.<\/p>\n<p style=\"text-align: justify;\"><strong>Anunciantes<\/strong><\/p>\n<p style=\"text-align: justify;\">Usamos servi\u00e7os de outras empresas para exibir an\u00fancios em nosso site. Esses an\u00fancios podem conter cookies e\/ou web beacons para coletar dados no processo de exibi\u00e7\u00e3o de an\u00fancios por essas empresas. N\u00f3s n\u00e3o temos acesso \u00e0s informa\u00e7\u00f5es coletadas por essas empresas.<\/p>\n<p style=\"text-align: justify;\"><strong>Cookie DART do Google AdSense<\/strong><\/p>\n<p style=\"text-align: justify;\">Este site exibe an\u00fancios servidos pela rede Google AdSense. O Google usa cookies para exibir an\u00fancios nos sites que publicam seus an\u00fancios. O cookie DART permite que sejam exibidos an\u00fancios baseados nas prefer\u00eancias do usu\u00e1rio e em seus h\u00e1bitos de navega\u00e7\u00e3o. Os usu\u00e1rios podem optar por desabilitar o cookie DART visitando a <a href=\"http:\/\/www.google.com\/privacy_ads.html\"><strong>p\u00e1gina que cont\u00e9m a pol\u00edtica de privacidade da rede de an\u00fancios e conte\u00fado do Google<\/strong><\/a>.<\/p>\n<p style=\"text-align: justify;\"><strong>Informa\u00e7\u00f5es de Contato<\/strong><\/p>\n<p style=\"text-align: justify;\">Em caso de\u00a0questionamentos a respeito de nossa pol\u00edtica de privacidade ou de qualquer d\u00favida referente ao funcionamento de nosso\u00a0site nossos usu\u00e1rios podem contatar-nos atrav\u00e9s do <strong><a href=\"https:\/\/www.vagasempregosc.com.br\/fale-conosco\/\">formul\u00e1rio de contato<\/a><\/strong> de nosso site.<\/p>\n<p style=\"text-align: justify;\"><em>\u00daltima Atualiza\u00e7\u00e3o: 31\/05\/2025 &#8211; 13:38<\/em><\/p>\n","protected":false},"excerpt":{"rendered":"<p>O Vagas Emprego SC\u00a0respeita seu visitante e assume o compromisso de proteger sua privacidade na internet. Nosso compromisso \u00e9 o de resguardar as informa\u00e7\u00f5es pessoais [&#8230;]<\/p>\n","protected":false},"author":4,"featured_media":0,"parent":0,"menu_order":0,"comment_status":"closed","ping_status":"open","template":"","meta":{"footnotes":""},"class_list":["post-3","page","type-page","status-publish","hentry"],"yoast_head":"<!-- This site is optimized with the Yoast SEO plugin v27.5 - https:\/\/yoast.com\/product\/yoast-seo-wordpress\/ -->\n<title>Pol\u00edtica de privacidade - Vagas Emprego SC<\/title>\n<meta name=\"robots\" content=\"index, follow, max-snippet:-1, max-image-preview:large, max-video-preview:-1\" \/>\n<link rel=\"canonical\" href=\"https:\/\/www.vagasempregosc.com.br\/index.php\/politica-de-privacidade\/\" \/>\n<meta property=\"og:locale\" content=\"pt_BR\" \/>\n<meta property=\"og:type\" content=\"article\" \/>\n<meta property=\"og:title\" content=\"Pol\u00edtica de privacidade - Vagas Emprego SC\" \/>\n<meta property=\"og:description\" content=\"O Vagas Emprego SC\u00a0respeita seu visitante e assume o compromisso de proteger sua privacidade na internet. Nosso compromisso \u00e9 o de resguardar as informa\u00e7\u00f5es pessoais [...]\" \/>\n<meta property=\"og:url\" content=\"https:\/\/www.vagasempregosc.com.br\/index.php\/politica-de-privacidade\/\" \/>\n<meta property=\"og:site_name\" content=\"Vagas Emprego SC\" \/>\n<meta property=\"article:modified_time\" content=\"2025-05-31T16:38:33+00:00\" \/>\n<meta name=\"twitter:card\" content=\"summary_large_image\" \/>\n<meta name=\"twitter:label1\" content=\"Est. tempo de leitura\" \/>\n\t<meta name=\"twitter:data1\" content=\"3 minutos\" \/>\n<script type=\"application\/ld+json\" class=\"yoast-schema-graph\">{\"@context\":\"https:\\\/\\\/schema.org\",\"@graph\":[{\"@type\":\"WebPage\",\"@id\":\"https:\\\/\\\/www.vagasempregosc.com.br\\\/index.php\\\/politica-de-privacidade\\\/\",\"url\":\"https:\\\/\\\/www.vagasempregosc.com.br\\\/index.php\\\/politica-de-privacidade\\\/\",\"name\":\"Pol\u00edtica de privacidade - Vagas Emprego SC\",\"isPartOf\":{\"@id\":\"https:\\\/\\\/www.vagasempregosc.com.br\\\/#website\"},\"datePublished\":\"2025-05-31T12:51:41+00:00\",\"dateModified\":\"2025-05-31T16:38:33+00:00\",\"breadcrumb\":{\"@id\":\"https:\\\/\\\/www.vagasempregosc.com.br\\\/index.php\\\/politica-de-privacidade\\\/#breadcrumb\"},\"inLanguage\":\"pt-BR\",\"potentialAction\":[{\"@type\":\"ReadAction\",\"target\":[\"https:\\\/\\\/www.vagasempregosc.com.br\\\/index.php\\\/politica-de-privacidade\\\/\"]}]},{\"@type\":\"BreadcrumbList\",\"@id\":\"https:\\\/\\\/www.vagasempregosc.com.br\\\/index.php\\\/politica-de-privacidade\\\/#breadcrumb\",\"itemListElement\":[{\"@type\":\"ListItem\",\"position\":1,\"name\":\"Home\",\"item\":\"https:\\\/\\\/www.vagasempregosc.com.br\\\/\"},{\"@type\":\"ListItem\",\"position\":2,\"name\":\"Pol\u00edtica de privacidade\"}]},{\"@type\":\"WebSite\",\"@id\":\"https:\\\/\\\/www.vagasempregosc.com.br\\\/#website\",\"url\":\"https:\\\/\\\/www.vagasempregosc.com.br\\\/\",\"name\":\"Vagas Emprego SC\",\"description\":\"Vagas de emprego e est\u00e1gio em Santa Catarina\",\"publisher\":{\"@id\":\"https:\\\/\\\/www.vagasempregosc.com.br\\\/#organization\"},\"potentialAction\":[{\"@type\":\"SearchAction\",\"target\":{\"@type\":\"EntryPoint\",\"urlTemplate\":\"https:\\\/\\\/www.vagasempregosc.com.br\\\/?s={search_term_string}\"},\"query-input\":{\"@type\":\"PropertyValueSpecification\",\"valueRequired\":true,\"valueName\":\"search_term_string\"}}],\"inLanguage\":\"pt-BR\"},{\"@type\":\"Organization\",\"@id\":\"https:\\\/\\\/www.vagasempregosc.com.br\\\/#organization\",\"name\":\"Vagas Emprego SC\",\"url\":\"https:\\\/\\\/www.vagasempregosc.com.br\\\/\",\"logo\":{\"@type\":\"ImageObject\",\"inLanguage\":\"pt-BR\",\"@id\":\"https:\\\/\\\/www.vagasempregosc.com.br\\\/#\\\/schema\\\/logo\\\/image\\\/\",\"url\":\"https:\\\/\\\/www.vagasempregosc.com.br\\\/wp-content\\\/uploads\\\/2025\\\/05\\\/cropped-logo2015sc.jpg\",\"contentUrl\":\"https:\\\/\\\/www.vagasempregosc.com.br\\\/wp-content\\\/uploads\\\/2025\\\/05\\\/cropped-logo2015sc.jpg\",\"width\":323,\"height\":89,\"caption\":\"Vagas Emprego SC\"},\"image\":{\"@id\":\"https:\\\/\\\/www.vagasempregosc.com.br\\\/#\\\/schema\\\/logo\\\/image\\\/\"}}]}<\/script>\n<!-- \/ Yoast SEO plugin. -->","yoast_head_json":{"title":"Pol\u00edtica de privacidade - Vagas Emprego SC","robots":{"index":"index","follow":"follow","max-snippet":"max-snippet:-1","max-image-preview":"max-image-preview:large","max-video-preview":"max-video-preview:-1"},"canonical":"https:\/\/www.vagasempregosc.com.br\/index.php\/politica-de-privacidade\/","og_locale":"pt_BR","og_type":"article","og_title":"Pol\u00edtica de privacidade - Vagas Emprego SC","og_description":"O Vagas Emprego SC\u00a0respeita seu visitante e assume o compromisso de proteger sua privacidade na internet. Nosso compromisso \u00e9 o de resguardar as informa\u00e7\u00f5es pessoais [...]","og_url":"https:\/\/www.vagasempregosc.com.br\/index.php\/politica-de-privacidade\/","og_site_name":"Vagas Emprego SC","article_modified_time":"2025-05-31T16:38:33+00:00","twitter_card":"summary_large_image","twitter_misc":{"Est. tempo de leitura":"3 minutos"},"schema":{"@context":"https:\/\/schema.org","@graph":[{"@type":"WebPage","@id":"https:\/\/www.vagasempregosc.com.br\/index.php\/politica-de-privacidade\/","url":"https:\/\/www.vagasempregosc.com.br\/index.php\/politica-de-privacidade\/","name":"Pol\u00edtica de privacidade - Vagas Emprego SC","isPartOf":{"@id":"https:\/\/www.vagasempregosc.com.br\/#website"},"datePublished":"2025-05-31T12:51:41+00:00","dateModified":"2025-05-31T16:38:33+00:00","breadcrumb":{"@id":"https:\/\/www.vagasempregosc.com.br\/index.php\/politica-de-privacidade\/#breadcrumb"},"inLanguage":"pt-BR","potentialAction":[{"@type":"ReadAction","target":["https:\/\/www.vagasempregosc.com.br\/index.php\/politica-de-privacidade\/"]}]},{"@type":"BreadcrumbList","@id":"https:\/\/www.vagasempregosc.com.br\/index.php\/politica-de-privacidade\/#breadcrumb","itemListElement":[{"@type":"ListItem","position":1,"name":"Home","item":"https:\/\/www.vagasempregosc.com.br\/"},{"@type":"ListItem","position":2,"name":"Pol\u00edtica de privacidade"}]},{"@type":"WebSite","@id":"https:\/\/www.vagasempregosc.com.br\/#website","url":"https:\/\/www.vagasempregosc.com.br\/","name":"Vagas Emprego SC","description":"Vagas de emprego e est\u00e1gio em Santa Catarina","publisher":{"@id":"https:\/\/www.vagasempregosc.com.br\/#organization"},"potentialAction":[{"@type":"SearchAction","target":{"@type":"EntryPoint","urlTemplate":"https:\/\/www.vagasempregosc.com.br\/?s={search_term_string}"},"query-input":{"@type":"PropertyValueSpecification","valueRequired":true,"valueName":"search_term_string"}}],"inLanguage":"pt-BR"},{"@type":"Organization","@id":"https:\/\/www.vagasempregosc.com.br\/#organization","name":"Vagas Emprego SC","url":"https:\/\/www.vagasempregosc.com.br\/","logo":{"@type":"ImageObject","inLanguage":"pt-BR","@id":"https:\/\/www.vagasempregosc.com.br\/#\/schema\/logo\/image\/","url":"https:\/\/www.vagasempregosc.com.br\/wp-content\/uploads\/2025\/05\/cropped-logo2015sc.jpg","contentUrl":"https:\/\/www.vagasempregosc.com.br\/wp-content\/uploads\/2025\/05\/cropped-logo2015sc.jpg","width":323,"height":89,"caption":"Vagas Emprego SC"},"image":{"@id":"https:\/\/www.vagasempregosc.com.br\/#\/schema\/logo\/image\/"}}]}},"_links":{"self":[{"href":"https:\/\/www.vagasempregosc.com.br\/index.php\/wp-json\/wp\/v2\/pages\/3","targetHints":{"allow":["GET"]}}],"collection":[{"href":"https:\/\/www.vagasempregosc.com.br\/index.php\/wp-json\/wp\/v2\/pages"}],"about":[{"href":"https:\/\/www.vagasempregosc.com.br\/index.php\/wp-json\/wp\/v2\/types\/page"}],"author":[{"embeddable":true,"href":"https:\/\/www.vagasempregosc.com.br\/index.php\/wp-json\/wp\/v2\/users\/4"}],"replies":[{"embeddable":true,"href":"https:\/\/www.vagasempregosc.com.br\/index.php\/wp-json\/wp\/v2\/comments?post=3"}],"version-history":[{"count":3,"href":"https:\/\/www.vagasempregosc.com.br\/index.php\/wp-json\/wp\/v2\/pages\/3\/revisions"}],"predecessor-version":[{"id":41732,"href":"https:\/\/www.vagasempregosc.com.br\/index.php\/wp-json\/wp\/v2\/pages\/3\/revisions\/41732"}],"wp:attachment":[{"href":"https:\/\/www.vagasempregosc.com.br\/index.php\/wp-json\/wp\/v2\/media?parent=3"}],"curies":[{"name":"wp","href":"https:\/\/api.w.org\/{rel}","templated":true}]}}