{"id":41707,"date":"2025-05-31T12:45:26","date_gmt":"2025-05-31T15:45:26","guid":{"rendered":"https:\/\/vagasempregosc.com.br\/?page_id=41707"},"modified":"2025-05-31T12:47:42","modified_gmt":"2025-05-31T15:47:42","slug":"regras","status":"publish","type":"page","link":"https:\/\/www.vagasempregosc.com.br\/index.php\/regras\/","title":{"rendered":"Regras"},"content":{"rendered":"<p style=\"text-align: justify;\">Pedimos que as leia com a m\u00e1xima aten\u00e7\u00e3o as regras para postagem de vagas no site <strong>VagasEmpregoSC<\/strong>.<\/p>\n<p style=\"text-align: justify;\"><strong>Regras para Todos os An\u00fancios de Vagas:<\/strong><\/p>\n<ol style=\"text-align: justify;\">\n<li>N\u00e3o divulgamos an\u00fancios de cursos disfar\u00e7ados de vagas de emprego, pir\u00e2mides, MMN, sistemas de \u201ctrabalhe em casa\u201d e assemelhados.<\/li>\n<li>De acordo com a legisla\u00e7\u00e3o vigente salientamos que n\u00e3o \u00e9 permitido fazer restri\u00e7\u00e3o a sexo, idade, estado civil e ra\u00e7a ou exigir experi\u00eancia superior a 6 meses. An\u00fancios em que houver alguma restri\u00e7\u00e3o desse tipo <strong><span style=\"color: #ff0000;\">ser\u00e3o editados ou n\u00e3o ser\u00e3o publicados<\/span><\/strong>.<\/li>\n<li>Vagas para trabalho aut\u00f4nomo devem ser <span style=\"color: #ff0000;\"><strong>claramente identificadas como tal no corpo do an\u00fancio<\/strong><\/span>. N\u00f3s publicamos vagas para trabalho aut\u00f4nomo, desde que o an\u00fancio n\u00e3o tente enganar o usu\u00e1rio fazendo com que ele acredite que trata-se de uma oferta de emprego.<\/li>\n<li>Os dados da empresa que est\u00e1 anunciando a vaga devem ser <span style=\"color: #ff0000;\"><strong>verdadeiros<\/strong><\/span>, inclusive o CNPJ e o nome do recrutador. An\u00fancios enviados com dados falsos ou incorretos n\u00e3o ser\u00e3o publicados e se for constatado que houve m\u00e1 f\u00e9 o recrutador ser\u00e1 banido do site.<\/li>\n<\/ol>\n<p style=\"text-align: justify;\"><strong>An\u00fancios de Vagas em Destaque:<\/strong><\/p>\n<ol>\n<li style=\"text-align: justify;\">An\u00fancios em destaque s\u00e3o repetidos por 3 dias \u00fateis consecutivos, sempre nos hor\u00e1rios de maior movimento do site e com seu texto de cor diferenciada.<\/li>\n<li style=\"text-align: justify;\">A primeira publica\u00e7\u00e3o do an\u00fancio em destaque ocorrer\u00e1 em no m\u00e1ximo 24 horas ap\u00f3s a confirma\u00e7\u00e3o do pagamento. As publica\u00e7\u00f5es seguintes ser\u00e3o feitas em hor\u00e1rios alternados, sempre entre os hor\u00e1rios de pico do site, mas n\u00e3o necessariamente sempre no mesmo hor\u00e1rio.<\/li>\n<\/ol>\n","protected":false},"excerpt":{"rendered":"<p>Pedimos que as leia com a m\u00e1xima aten\u00e7\u00e3o as regras para postagem de vagas no site VagasEmpregoSC. Regras para Todos os An\u00fancios de Vagas: N\u00e3o [&#8230;]<\/p>\n","protected":false},"author":4,"featured_media":0,"parent":0,"menu_order":0,"comment_status":"closed","ping_status":"closed","template":"","meta":{"footnotes":""},"class_list":["post-41707","page","type-page","status-publish","hentry"],"yoast_head":"<!-- This site is optimized with the Yoast SEO plugin v27.5 - https:\/\/yoast.com\/product\/yoast-seo-wordpress\/ -->\n<title>Regras - Vagas Emprego SC<\/title>\n<meta name=\"robots\" content=\"index, follow, max-snippet:-1, max-image-preview:large, max-video-preview:-1\" \/>\n<link rel=\"canonical\" href=\"https:\/\/www.vagasempregosc.com.br\/index.php\/regras\/\" \/>\n<meta property=\"og:locale\" content=\"pt_BR\" \/>\n<meta property=\"og:type\" content=\"article\" \/>\n<meta property=\"og:title\" content=\"Regras - Vagas Emprego SC\" \/>\n<meta property=\"og:description\" content=\"Pedimos que as leia com a m\u00e1xima aten\u00e7\u00e3o as regras para postagem de vagas no site VagasEmpregoSC. Regras para Todos os An\u00fancios de Vagas: N\u00e3o [...]\" \/>\n<meta property=\"og:url\" content=\"https:\/\/www.vagasempregosc.com.br\/index.php\/regras\/\" \/>\n<meta property=\"og:site_name\" content=\"Vagas Emprego SC\" \/>\n<meta property=\"article:modified_time\" content=\"2025-05-31T15:47:42+00:00\" \/>\n<meta name=\"twitter:card\" content=\"summary_large_image\" \/>\n<meta name=\"twitter:label1\" content=\"Est. tempo de leitura\" \/>\n\t<meta name=\"twitter:data1\" content=\"2 minutos\" \/>\n<script type=\"application\/ld+json\" class=\"yoast-schema-graph\">{\"@context\":\"https:\\\/\\\/schema.org\",\"@graph\":[{\"@type\":\"WebPage\",\"@id\":\"https:\\\/\\\/www.vagasempregosc.com.br\\\/index.php\\\/regras\\\/\",\"url\":\"https:\\\/\\\/www.vagasempregosc.com.br\\\/index.php\\\/regras\\\/\",\"name\":\"Regras - Vagas Emprego SC\",\"isPartOf\":{\"@id\":\"https:\\\/\\\/www.vagasempregosc.com.br\\\/#website\"},\"datePublished\":\"2025-05-31T15:45:26+00:00\",\"dateModified\":\"2025-05-31T15:47:42+00:00\",\"breadcrumb\":{\"@id\":\"https:\\\/\\\/www.vagasempregosc.com.br\\\/index.php\\\/regras\\\/#breadcrumb\"},\"inLanguage\":\"pt-BR\",\"potentialAction\":[{\"@type\":\"ReadAction\",\"target\":[\"https:\\\/\\\/www.vagasempregosc.com.br\\\/index.php\\\/regras\\\/\"]}]},{\"@type\":\"BreadcrumbList\",\"@id\":\"https:\\\/\\\/www.vagasempregosc.com.br\\\/index.php\\\/regras\\\/#breadcrumb\",\"itemListElement\":[{\"@type\":\"ListItem\",\"position\":1,\"name\":\"Home\",\"item\":\"https:\\\/\\\/www.vagasempregosc.com.br\\\/\"},{\"@type\":\"ListItem\",\"position\":2,\"name\":\"Regras\"}]},{\"@type\":\"WebSite\",\"@id\":\"https:\\\/\\\/www.vagasempregosc.com.br\\\/#website\",\"url\":\"https:\\\/\\\/www.vagasempregosc.com.br\\\/\",\"name\":\"Vagas Emprego SC\",\"description\":\"Vagas de emprego e est\u00e1gio em Santa Catarina\",\"publisher\":{\"@id\":\"https:\\\/\\\/www.vagasempregosc.com.br\\\/#organization\"},\"potentialAction\":[{\"@type\":\"SearchAction\",\"target\":{\"@type\":\"EntryPoint\",\"urlTemplate\":\"https:\\\/\\\/www.vagasempregosc.com.br\\\/?s={search_term_string}\"},\"query-input\":{\"@type\":\"PropertyValueSpecification\",\"valueRequired\":true,\"valueName\":\"search_term_string\"}}],\"inLanguage\":\"pt-BR\"},{\"@type\":\"Organization\",\"@id\":\"https:\\\/\\\/www.vagasempregosc.com.br\\\/#organization\",\"name\":\"Vagas Emprego SC\",\"url\":\"https:\\\/\\\/www.vagasempregosc.com.br\\\/\",\"logo\":{\"@type\":\"ImageObject\",\"inLanguage\":\"pt-BR\",\"@id\":\"https:\\\/\\\/www.vagasempregosc.com.br\\\/#\\\/schema\\\/logo\\\/image\\\/\",\"url\":\"https:\\\/\\\/www.vagasempregosc.com.br\\\/wp-content\\\/uploads\\\/2025\\\/05\\\/cropped-logo2015sc.jpg\",\"contentUrl\":\"https:\\\/\\\/www.vagasempregosc.com.br\\\/wp-content\\\/uploads\\\/2025\\\/05\\\/cropped-logo2015sc.jpg\",\"width\":323,\"height\":89,\"caption\":\"Vagas Emprego SC\"},\"image\":{\"@id\":\"https:\\\/\\\/www.vagasempregosc.com.br\\\/#\\\/schema\\\/logo\\\/image\\\/\"}}]}<\/script>\n<!-- \/ Yoast SEO plugin. -->","yoast_head_json":{"title":"Regras - Vagas Emprego SC","robots":{"index":"index","follow":"follow","max-snippet":"max-snippet:-1","max-image-preview":"max-image-preview:large","max-video-preview":"max-video-preview:-1"},"canonical":"https:\/\/www.vagasempregosc.com.br\/index.php\/regras\/","og_locale":"pt_BR","og_type":"article","og_title":"Regras - Vagas Emprego SC","og_description":"Pedimos que as leia com a m\u00e1xima aten\u00e7\u00e3o as regras para postagem de vagas no site VagasEmpregoSC. Regras para Todos os An\u00fancios de Vagas: N\u00e3o [...]","og_url":"https:\/\/www.vagasempregosc.com.br\/index.php\/regras\/","og_site_name":"Vagas Emprego SC","article_modified_time":"2025-05-31T15:47:42+00:00","twitter_card":"summary_large_image","twitter_misc":{"Est. tempo de leitura":"2 minutos"},"schema":{"@context":"https:\/\/schema.org","@graph":[{"@type":"WebPage","@id":"https:\/\/www.vagasempregosc.com.br\/index.php\/regras\/","url":"https:\/\/www.vagasempregosc.com.br\/index.php\/regras\/","name":"Regras - Vagas Emprego SC","isPartOf":{"@id":"https:\/\/www.vagasempregosc.com.br\/#website"},"datePublished":"2025-05-31T15:45:26+00:00","dateModified":"2025-05-31T15:47:42+00:00","breadcrumb":{"@id":"https:\/\/www.vagasempregosc.com.br\/index.php\/regras\/#breadcrumb"},"inLanguage":"pt-BR","potentialAction":[{"@type":"ReadAction","target":["https:\/\/www.vagasempregosc.com.br\/index.php\/regras\/"]}]},{"@type":"BreadcrumbList","@id":"https:\/\/www.vagasempregosc.com.br\/index.php\/regras\/#breadcrumb","itemListElement":[{"@type":"ListItem","position":1,"name":"Home","item":"https:\/\/www.vagasempregosc.com.br\/"},{"@type":"ListItem","position":2,"name":"Regras"}]},{"@type":"WebSite","@id":"https:\/\/www.vagasempregosc.com.br\/#website","url":"https:\/\/www.vagasempregosc.com.br\/","name":"Vagas Emprego SC","description":"Vagas de emprego e est\u00e1gio em Santa Catarina","publisher":{"@id":"https:\/\/www.vagasempregosc.com.br\/#organization"},"potentialAction":[{"@type":"SearchAction","target":{"@type":"EntryPoint","urlTemplate":"https:\/\/www.vagasempregosc.com.br\/?s={search_term_string}"},"query-input":{"@type":"PropertyValueSpecification","valueRequired":true,"valueName":"search_term_string"}}],"inLanguage":"pt-BR"},{"@type":"Organization","@id":"https:\/\/www.vagasempregosc.com.br\/#organization","name":"Vagas Emprego SC","url":"https:\/\/www.vagasempregosc.com.br\/","logo":{"@type":"ImageObject","inLanguage":"pt-BR","@id":"https:\/\/www.vagasempregosc.com.br\/#\/schema\/logo\/image\/","url":"https:\/\/www.vagasempregosc.com.br\/wp-content\/uploads\/2025\/05\/cropped-logo2015sc.jpg","contentUrl":"https:\/\/www.vagasempregosc.com.br\/wp-content\/uploads\/2025\/05\/cropped-logo2015sc.jpg","width":323,"height":89,"caption":"Vagas Emprego SC"},"image":{"@id":"https:\/\/www.vagasempregosc.com.br\/#\/schema\/logo\/image\/"}}]}},"_links":{"self":[{"href":"https:\/\/www.vagasempregosc.com.br\/index.php\/wp-json\/wp\/v2\/pages\/41707","targetHints":{"allow":["GET"]}}],"collection":[{"href":"https:\/\/www.vagasempregosc.com.br\/index.php\/wp-json\/wp\/v2\/pages"}],"about":[{"href":"https:\/\/www.vagasempregosc.com.br\/index.php\/wp-json\/wp\/v2\/types\/page"}],"author":[{"embeddable":true,"href":"https:\/\/www.vagasempregosc.com.br\/index.php\/wp-json\/wp\/v2\/users\/4"}],"replies":[{"embeddable":true,"href":"https:\/\/www.vagasempregosc.com.br\/index.php\/wp-json\/wp\/v2\/comments?post=41707"}],"version-history":[{"count":3,"href":"https:\/\/www.vagasempregosc.com.br\/index.php\/wp-json\/wp\/v2\/pages\/41707\/revisions"}],"predecessor-version":[{"id":41711,"href":"https:\/\/www.vagasempregosc.com.br\/index.php\/wp-json\/wp\/v2\/pages\/41707\/revisions\/41711"}],"wp:attachment":[{"href":"https:\/\/www.vagasempregosc.com.br\/index.php\/wp-json\/wp\/v2\/media?parent=41707"}],"curies":[{"name":"wp","href":"https:\/\/api.w.org\/{rel}","templated":true}]}}