{"id":41718,"date":"2025-05-31T13:20:49","date_gmt":"2025-05-31T16:20:49","guid":{"rendered":"https:\/\/vagasempregosc.com.br\/?page_id=41718"},"modified":"2025-05-31T13:20:49","modified_gmt":"2025-05-31T16:20:49","slug":"destacar-vaga","status":"publish","type":"page","link":"https:\/\/www.vagasempregosc.com.br\/index.php\/destacar-vaga\/","title":{"rendered":"Destacar Vaga"},"content":{"rendered":"<p style=\"text-align: justify;\">A publica\u00e7\u00e3o de vagas em destaque \u00e9 um servi\u00e7o opcional pago para quem deseja dar mais destaque ao seu an\u00fancio de vaga. Com o destaque sua vaga \u00e9 postada em colora\u00e7\u00e3o diferenciada duas vezes por dia durante 3 dias \u00fateis. S\u00e1bados, domingos e feriados n\u00e3o contam nesse per\u00edodo, mas a vaga poder\u00e1 vir a ser repostada tamb\u00e9m nos finais de semana como cortesia.<\/p>\n<p style=\"text-align: justify;\">Para destacar uma vaga voc\u00ea deve informar os dados da mesma usando o formul\u00e1rio abaixo. Se a vaga estiver de acordo com as <a href=\"https:\/\/vagasempregosc.com.br\/index.php\/regras\/\">regras<\/a> do site n\u00f3s lhe enviamos um e-mail com os dados para o pagamento da taxa via Pix em at\u00e9 24 horas \u00fateis. A primeira publica\u00e7\u00e3o da vaga ocorrer\u00e1 no m\u00e1ximo 24 horas \u00fateis ap\u00f3s a confirma\u00e7\u00e3o do pagamento.<\/p>\n<p style=\"text-align: justify;\">O valor da taxa de destaque atualmente \u00e9 de R$ 21,00.<\/p>\n\n<div class=\"wpcf7 no-js\" id=\"wpcf7-f41720-o1\" lang=\"pt-BR\" dir=\"ltr\" data-wpcf7-id=\"41720\">\n<div class=\"screen-reader-response\"><p role=\"status\" aria-live=\"polite\" aria-atomic=\"true\"><\/p> <ul><\/ul><\/div>\n<form action=\"\/index.php\/wp-json\/wp\/v2\/pages\/41718#wpcf7-f41720-o1\" method=\"post\" class=\"wpcf7-form init\" aria-label=\"Formul\u00e1rios de contato\" novalidate=\"novalidate\" data-status=\"init\">\n<fieldset class=\"hidden-fields-container\"><input type=\"hidden\" name=\"_wpcf7\" value=\"41720\" \/><input type=\"hidden\" name=\"_wpcf7_version\" value=\"6.1.5\" \/><input type=\"hidden\" name=\"_wpcf7_locale\" value=\"pt_BR\" \/><input type=\"hidden\" name=\"_wpcf7_unit_tag\" value=\"wpcf7-f41720-o1\" \/><input type=\"hidden\" name=\"_wpcf7_container_post\" value=\"0\" \/><input type=\"hidden\" name=\"_wpcf7_posted_data_hash\" value=\"\" \/><input type=\"hidden\" name=\"_wpcf7_recaptcha_response\" value=\"\" \/>\n<\/fieldset>\n<p>T\u00edtulo do an\u00fancio (campo obrigat\u00f3rio - sugerimos que use o cargo)\n<\/p>\n<p><span class=\"wpcf7-form-control-wrap\" data-name=\"titulo_anuncio\"><input size=\"40\" maxlength=\"400\" class=\"wpcf7-form-control wpcf7-text wpcf7-validates-as-required\" aria-required=\"true\" aria-invalid=\"false\" value=\"\" type=\"text\" name=\"titulo_anuncio\" \/><\/span>\n<\/p>\n<p>Cidade da vaga (esse campo \u00e9 obrigat\u00f3rio)\n<\/p>\n<p><span class=\"wpcf7-form-control-wrap\" data-name=\"cidade\"><input size=\"40\" maxlength=\"400\" class=\"wpcf7-form-control wpcf7-text wpcf7-validates-as-required cidade\" id=\"cidade\" aria-required=\"true\" aria-invalid=\"false\" value=\"\" type=\"text\" name=\"cidade\" \/><\/span> - SC\n<\/p>\n<p>Principais atribui\u00e7\u00f5es do cargo (esse campo \u00e9 opcional)\n<\/p>\n<p><span class=\"wpcf7-form-control-wrap\" data-name=\"atribuicoes\"><textarea cols=\"40\" rows=\"10\" maxlength=\"2000\" class=\"wpcf7-form-control wpcf7-textarea atribuicoes\" id=\"atribuicoes\" aria-invalid=\"false\" name=\"atribuicoes\"><\/textarea><\/span>\n<\/p>\n<p>Requisitos para o candidato (esse campo \u00e9 opcional)\n<\/p>\n<p><span class=\"wpcf7-form-control-wrap\" data-name=\"requisitos\"><textarea cols=\"40\" rows=\"10\" maxlength=\"2000\" class=\"wpcf7-form-control wpcf7-textarea requisitos\" id=\"requisitos\" aria-invalid=\"false\" name=\"requisitos\"><\/textarea><\/span>\n<\/p>\n<p>Jornada de trabalho (esse campo \u00e9 opcional)\n<\/p>\n<p><span class=\"wpcf7-form-control-wrap\" data-name=\"jornada\"><textarea cols=\"40\" rows=\"10\" maxlength=\"2000\" class=\"wpcf7-form-control wpcf7-textarea jornada\" id=\"jornada\" aria-invalid=\"false\" name=\"jornada\"><\/textarea><\/span>\n<\/p>\n<p>Sal\u00e1rio oferecido (esse campo \u00e9 opcional)\n<\/p>\n<p><span class=\"wpcf7-form-control-wrap\" data-name=\"salario\"><input size=\"40\" maxlength=\"400\" class=\"wpcf7-form-control wpcf7-text salario\" id=\"salario\" aria-invalid=\"false\" value=\"\" type=\"text\" name=\"salario\" \/><\/span>\n<\/p>\n<p>Benef\u00edcios oferecidos (esse campo \u00e9 opcional)\n<\/p>\n<p><span class=\"wpcf7-form-control-wrap\" data-name=\"beneficios\"><textarea cols=\"40\" rows=\"10\" maxlength=\"2000\" class=\"wpcf7-form-control wpcf7-textarea beneficios\" id=\"beneficios\" aria-invalid=\"false\" name=\"beneficios\"><\/textarea><\/span>\n<\/p>\n<p>Observa\u00e7\u00f5es (esse campo \u00e9 opcional)\n<\/p>\n<p><span class=\"wpcf7-form-control-wrap\" data-name=\"observacoes\"><input size=\"40\" maxlength=\"400\" class=\"wpcf7-form-control wpcf7-text observacoes\" id=\"observacoes\" aria-invalid=\"false\" value=\"\" type=\"text\" name=\"observacoes\" \/><\/span>\n<\/p>\n<p>E-mail para envio de curr\u00edculos (esse campo \u00e9 obrigat\u00f3rio)\n<\/p>\n<p><span class=\"wpcf7-form-control-wrap\" data-name=\"email_curriculo\"><input size=\"40\" maxlength=\"400\" class=\"wpcf7-form-control wpcf7-email wpcf7-validates-as-required wpcf7-text wpcf7-validates-as-email email_curriculo\" id=\"email_curriculo\" aria-required=\"true\" aria-invalid=\"false\" value=\"\" type=\"email\" name=\"email_curriculo\" \/><\/span>\n<\/p>\n<p>Data m\u00e1xima para recebimento de curr\u00edculos (esse campo \u00e9 opcional)\n<\/p>\n<p><span class=\"wpcf7-form-control-wrap\" data-name=\"datalimite\"><input class=\"wpcf7-form-control wpcf7-date wpcf7-validates-as-date\" aria-invalid=\"false\" value=\"indeterminada\" type=\"date\" name=\"datalimite\" \/><\/span>\n<\/p>\n<p align=justify><strong>Os dados a seguir n\u00e3o ser\u00e3o publicados no an\u00fancio, s\u00e3o para nosso cadastro interno.<\/strong>\n<\/p>\n<p>Nome completo do recrutador (esse campo \u00e9 obrigat\u00f3rio)\n<\/p>\n<p><span class=\"wpcf7-form-control-wrap\" data-name=\"nome_recrutador\"><input size=\"40\" maxlength=\"400\" class=\"wpcf7-form-control wpcf7-text wpcf7-validates-as-required nome_recrutador\" id=\"nome_recrutador\" aria-required=\"true\" aria-invalid=\"false\" value=\"\" type=\"text\" name=\"nome_recrutador\" \/><\/span>\n<\/p>\n<p>Nome da empresa recrutadora (obrigat\u00f3rio)\n<\/p>\n<p><span class=\"wpcf7-form-control-wrap\" data-name=\"nome_empresa\"><input size=\"40\" maxlength=\"400\" class=\"wpcf7-form-control wpcf7-text nome_empresa\" id=\"nome_empresa\" aria-invalid=\"false\" value=\"\" type=\"text\" name=\"nome_empresa\" \/><\/span>\n<\/p>\n<p>CNPJ ou CPF (esse campo \u00e9 obrigat\u00f3rio)\n<\/p>\n<p><span class=\"wpcf7-form-control-wrap\" data-name=\"cnpj_cpf\"><input size=\"40\" maxlength=\"400\" class=\"wpcf7-form-control wpcf7-text wpcf7-validates-as-required cnpj_cpf\" id=\"cnpj_cpf\" aria-required=\"true\" aria-invalid=\"false\" value=\"\" type=\"text\" name=\"cnpj_cpf\" \/><\/span><br \/>\n<span style=\"color:red\">ser\u00e1 checado<\/span>\n<\/p>\n<p>E-mail para envio do e-mail de cobran\u00e7a (obrigat\u00f3rio)\n<\/p>\n<p><span class=\"wpcf7-form-control-wrap\" data-name=\"cobranca-email\"><input size=\"40\" maxlength=\"400\" class=\"wpcf7-form-control wpcf7-email wpcf7-validates-as-required wpcf7-text wpcf7-validates-as-email\" aria-required=\"true\" aria-invalid=\"false\" value=\"\" type=\"email\" name=\"cobranca-email\" \/><\/span>\n<\/p>\n<p>E-mail para contato (obrigat\u00f3rio - para contatarmos voc\u00ea em caso de d\u00favidas)\n<\/p>\n<p><span class=\"wpcf7-form-control-wrap\" data-name=\"your-email\"><input size=\"40\" maxlength=\"400\" class=\"wpcf7-form-control wpcf7-email wpcf7-validates-as-required wpcf7-text wpcf7-validates-as-email\" aria-required=\"true\" aria-invalid=\"false\" value=\"\" type=\"email\" name=\"your-email\" \/><\/span>\n<\/p>\n<p><strong>Informa\u00e7\u00f5es Importantes:<\/strong>\n<\/p>\n<ul>\n\t<li style=\"text-align: justify;\">\n\t\t<p>N\u00e3o divulgamos an\u00fancios de cursos disfar\u00e7ados de vagas de emprego nem an\u00fancios de pir\u00e2mides, MMN, sistemas de \u201ctrabalhe em casa\u201d e assemelhados.\n\t\t<\/p>\n\t<\/li>\n\t<li style=\"text-align: justify;\">\n\t\t<p>De acordo com a legisla\u00e7\u00e3o vigente salientamos que n\u00e3o \u00e9 permitido fazer restri\u00e7\u00e3o a sexo, idade, estado civil e ra\u00e7a ou exigir experi\u00eancia superior a 6 meses. An\u00fancios em que houver alguma restri\u00e7\u00e3o desse tipo ser\u00e3o editados ou n\u00e3o publicados.\n\t\t<\/p>\n\t<\/li>\n\t<li style=\"text-align: justify;\">\n\t\t<p>Vagas para trabalho aut\u00f4nomo devem ser claramente identificadas como tal no corpo do an\u00fancio. N\u00f3s publicamos vagas para trabalho aut\u00f4nomo, desde que o an\u00fancio n\u00e3o tente enganar o usu\u00e1rio.\n\t\t<\/p>\n\t<\/li>\n<\/ul>\n<p><input class=\"wpcf7-form-control wpcf7-submit has-spinner\" type=\"submit\" value=\"Enviar\" \/>\n<\/p><div class=\"wpcf7-response-output\" aria-hidden=\"true\"><\/div>\n<\/form>\n<\/div>\n\n","protected":false},"excerpt":{"rendered":"<p>A publica\u00e7\u00e3o de vagas em destaque \u00e9 um servi\u00e7o opcional pago para quem deseja dar mais destaque ao seu an\u00fancio de vaga. Com o destaque [&#8230;]<\/p>\n","protected":false},"author":4,"featured_media":0,"parent":0,"menu_order":0,"comment_status":"closed","ping_status":"closed","template":"","meta":{"footnotes":""},"class_list":["post-41718","page","type-page","status-publish","hentry"],"yoast_head":"<!-- This site is optimized with the Yoast SEO plugin v27.5 - https:\/\/yoast.com\/product\/yoast-seo-wordpress\/ -->\n<title>Destacar Vaga - Vagas Emprego SC<\/title>\n<meta name=\"robots\" content=\"index, follow, max-snippet:-1, max-image-preview:large, max-video-preview:-1\" \/>\n<link rel=\"canonical\" href=\"https:\/\/www.vagasempregosc.com.br\/index.php\/destacar-vaga\/\" \/>\n<meta property=\"og:locale\" content=\"pt_BR\" \/>\n<meta property=\"og:type\" content=\"article\" \/>\n<meta property=\"og:title\" content=\"Destacar Vaga - Vagas Emprego SC\" \/>\n<meta property=\"og:description\" content=\"A publica\u00e7\u00e3o de vagas em destaque \u00e9 um servi\u00e7o opcional pago para quem deseja dar mais destaque ao seu an\u00fancio de vaga. Com o destaque [...]\" \/>\n<meta property=\"og:url\" content=\"https:\/\/www.vagasempregosc.com.br\/index.php\/destacar-vaga\/\" \/>\n<meta property=\"og:site_name\" content=\"Vagas Emprego SC\" \/>\n<meta name=\"twitter:card\" content=\"summary_large_image\" \/>\n<meta name=\"twitter:label1\" content=\"Est. tempo de leitura\" \/>\n\t<meta name=\"twitter:data1\" content=\"1 minuto\" \/>\n<script type=\"application\/ld+json\" class=\"yoast-schema-graph\">{\"@context\":\"https:\\\/\\\/schema.org\",\"@graph\":[{\"@type\":\"WebPage\",\"@id\":\"https:\\\/\\\/www.vagasempregosc.com.br\\\/index.php\\\/destacar-vaga\\\/\",\"url\":\"https:\\\/\\\/www.vagasempregosc.com.br\\\/index.php\\\/destacar-vaga\\\/\",\"name\":\"Destacar Vaga - Vagas Emprego SC\",\"isPartOf\":{\"@id\":\"https:\\\/\\\/www.vagasempregosc.com.br\\\/#website\"},\"datePublished\":\"2025-05-31T16:20:49+00:00\",\"breadcrumb\":{\"@id\":\"https:\\\/\\\/www.vagasempregosc.com.br\\\/index.php\\\/destacar-vaga\\\/#breadcrumb\"},\"inLanguage\":\"pt-BR\",\"potentialAction\":[{\"@type\":\"ReadAction\",\"target\":[\"https:\\\/\\\/www.vagasempregosc.com.br\\\/index.php\\\/destacar-vaga\\\/\"]}]},{\"@type\":\"BreadcrumbList\",\"@id\":\"https:\\\/\\\/www.vagasempregosc.com.br\\\/index.php\\\/destacar-vaga\\\/#breadcrumb\",\"itemListElement\":[{\"@type\":\"ListItem\",\"position\":1,\"name\":\"Home\",\"item\":\"https:\\\/\\\/www.vagasempregosc.com.br\\\/\"},{\"@type\":\"ListItem\",\"position\":2,\"name\":\"Destacar Vaga\"}]},{\"@type\":\"WebSite\",\"@id\":\"https:\\\/\\\/www.vagasempregosc.com.br\\\/#website\",\"url\":\"https:\\\/\\\/www.vagasempregosc.com.br\\\/\",\"name\":\"Vagas Emprego SC\",\"description\":\"Vagas de emprego e est\u00e1gio em Santa Catarina\",\"publisher\":{\"@id\":\"https:\\\/\\\/www.vagasempregosc.com.br\\\/#organization\"},\"potentialAction\":[{\"@type\":\"SearchAction\",\"target\":{\"@type\":\"EntryPoint\",\"urlTemplate\":\"https:\\\/\\\/www.vagasempregosc.com.br\\\/?s={search_term_string}\"},\"query-input\":{\"@type\":\"PropertyValueSpecification\",\"valueRequired\":true,\"valueName\":\"search_term_string\"}}],\"inLanguage\":\"pt-BR\"},{\"@type\":\"Organization\",\"@id\":\"https:\\\/\\\/www.vagasempregosc.com.br\\\/#organization\",\"name\":\"Vagas Emprego SC\",\"url\":\"https:\\\/\\\/www.vagasempregosc.com.br\\\/\",\"logo\":{\"@type\":\"ImageObject\",\"inLanguage\":\"pt-BR\",\"@id\":\"https:\\\/\\\/www.vagasempregosc.com.br\\\/#\\\/schema\\\/logo\\\/image\\\/\",\"url\":\"https:\\\/\\\/www.vagasempregosc.com.br\\\/wp-content\\\/uploads\\\/2025\\\/05\\\/cropped-logo2015sc.jpg\",\"contentUrl\":\"https:\\\/\\\/www.vagasempregosc.com.br\\\/wp-content\\\/uploads\\\/2025\\\/05\\\/cropped-logo2015sc.jpg\",\"width\":323,\"height\":89,\"caption\":\"Vagas Emprego SC\"},\"image\":{\"@id\":\"https:\\\/\\\/www.vagasempregosc.com.br\\\/#\\\/schema\\\/logo\\\/image\\\/\"}}]}<\/script>\n<!-- \/ Yoast SEO plugin. -->","yoast_head_json":{"title":"Destacar Vaga - Vagas Emprego SC","robots":{"index":"index","follow":"follow","max-snippet":"max-snippet:-1","max-image-preview":"max-image-preview:large","max-video-preview":"max-video-preview:-1"},"canonical":"https:\/\/www.vagasempregosc.com.br\/index.php\/destacar-vaga\/","og_locale":"pt_BR","og_type":"article","og_title":"Destacar Vaga - Vagas Emprego SC","og_description":"A publica\u00e7\u00e3o de vagas em destaque \u00e9 um servi\u00e7o opcional pago para quem deseja dar mais destaque ao seu an\u00fancio de vaga. Com o destaque [...]","og_url":"https:\/\/www.vagasempregosc.com.br\/index.php\/destacar-vaga\/","og_site_name":"Vagas Emprego SC","twitter_card":"summary_large_image","twitter_misc":{"Est. tempo de leitura":"1 minuto"},"schema":{"@context":"https:\/\/schema.org","@graph":[{"@type":"WebPage","@id":"https:\/\/www.vagasempregosc.com.br\/index.php\/destacar-vaga\/","url":"https:\/\/www.vagasempregosc.com.br\/index.php\/destacar-vaga\/","name":"Destacar Vaga - Vagas Emprego SC","isPartOf":{"@id":"https:\/\/www.vagasempregosc.com.br\/#website"},"datePublished":"2025-05-31T16:20:49+00:00","breadcrumb":{"@id":"https:\/\/www.vagasempregosc.com.br\/index.php\/destacar-vaga\/#breadcrumb"},"inLanguage":"pt-BR","potentialAction":[{"@type":"ReadAction","target":["https:\/\/www.vagasempregosc.com.br\/index.php\/destacar-vaga\/"]}]},{"@type":"BreadcrumbList","@id":"https:\/\/www.vagasempregosc.com.br\/index.php\/destacar-vaga\/#breadcrumb","itemListElement":[{"@type":"ListItem","position":1,"name":"Home","item":"https:\/\/www.vagasempregosc.com.br\/"},{"@type":"ListItem","position":2,"name":"Destacar Vaga"}]},{"@type":"WebSite","@id":"https:\/\/www.vagasempregosc.com.br\/#website","url":"https:\/\/www.vagasempregosc.com.br\/","name":"Vagas Emprego SC","description":"Vagas de emprego e est\u00e1gio em Santa Catarina","publisher":{"@id":"https:\/\/www.vagasempregosc.com.br\/#organization"},"potentialAction":[{"@type":"SearchAction","target":{"@type":"EntryPoint","urlTemplate":"https:\/\/www.vagasempregosc.com.br\/?s={search_term_string}"},"query-input":{"@type":"PropertyValueSpecification","valueRequired":true,"valueName":"search_term_string"}}],"inLanguage":"pt-BR"},{"@type":"Organization","@id":"https:\/\/www.vagasempregosc.com.br\/#organization","name":"Vagas Emprego SC","url":"https:\/\/www.vagasempregosc.com.br\/","logo":{"@type":"ImageObject","inLanguage":"pt-BR","@id":"https:\/\/www.vagasempregosc.com.br\/#\/schema\/logo\/image\/","url":"https:\/\/www.vagasempregosc.com.br\/wp-content\/uploads\/2025\/05\/cropped-logo2015sc.jpg","contentUrl":"https:\/\/www.vagasempregosc.com.br\/wp-content\/uploads\/2025\/05\/cropped-logo2015sc.jpg","width":323,"height":89,"caption":"Vagas Emprego SC"},"image":{"@id":"https:\/\/www.vagasempregosc.com.br\/#\/schema\/logo\/image\/"}}]}},"_links":{"self":[{"href":"https:\/\/www.vagasempregosc.com.br\/index.php\/wp-json\/wp\/v2\/pages\/41718","targetHints":{"allow":["GET"]}}],"collection":[{"href":"https:\/\/www.vagasempregosc.com.br\/index.php\/wp-json\/wp\/v2\/pages"}],"about":[{"href":"https:\/\/www.vagasempregosc.com.br\/index.php\/wp-json\/wp\/v2\/types\/page"}],"author":[{"embeddable":true,"href":"https:\/\/www.vagasempregosc.com.br\/index.php\/wp-json\/wp\/v2\/users\/4"}],"replies":[{"embeddable":true,"href":"https:\/\/www.vagasempregosc.com.br\/index.php\/wp-json\/wp\/v2\/comments?post=41718"}],"version-history":[{"count":2,"href":"https:\/\/www.vagasempregosc.com.br\/index.php\/wp-json\/wp\/v2\/pages\/41718\/revisions"}],"predecessor-version":[{"id":41721,"href":"https:\/\/www.vagasempregosc.com.br\/index.php\/wp-json\/wp\/v2\/pages\/41718\/revisions\/41721"}],"wp:attachment":[{"href":"https:\/\/www.vagasempregosc.com.br\/index.php\/wp-json\/wp\/v2\/media?parent=41718"}],"curies":[{"name":"wp","href":"https:\/\/api.w.org\/{rel}","templated":true}]}}